{"id":56,"date":"2025-08-07T15:37:34","date_gmt":"2025-08-07T19:37:34","guid":{"rendered":"https:\/\/dfn.cl\/?page_id=56"},"modified":"2025-08-07T15:46:46","modified_gmt":"2025-08-07T19:46:46","slug":"quienes-somos","status":"publish","type":"page","link":"https:\/\/dfn.cl\/index.php\/quienes-somos\/","title":{"rendered":"Qui\u00e9nes Somos"},"content":{"rendered":"\n<p>Deutschland Fu\u00dfball Nachrichten o <strong>DFN<\/strong> nace el 2 de agosto de 2024, con el prop\u00f3sito de acercar la pasi\u00f3n del <strong>f\u00fatbol alem\u00e1n<\/strong> a la audiencia chilena. Nacemos del inter\u00e9s genuino por una liga rica en historia, talento y cultura, pero muchas veces poco visibilizada en el panorama deportivo local.<\/p>\n\n\n\n<p>Nuestro trabajo combina el <strong>rigor informativo<\/strong> con una mirada <strong>creativa y profunda<\/strong> del juego, destacando no solo resultados y estad\u00edsticas, sino tambi\u00e9n contextos, trayectorias y momentos que definen al f\u00fatbol germano.<\/p>\n\n\n\n<p>DFN se compone de cinco integrantes, Betsi Gatica, directora y fundadora del medio, Fabi\u00e1n Barrera, Sebasti\u00e1n Mujica, Felipe Rojas y Mariano Cornejo como colaboradores.<\/p>\n\n\n\n<p>Somos un equipo comprometido con la calidad, la autonom\u00eda editorial y el amor por el deporte. En DFN no seguimos tendencias: las analizamos, las explicamos y las compartimos con una comunidad que busca m\u00e1s que titulares.<\/p>\n\n\n\n<p>Bienvenidos a DFN. Donde el f\u00fatbol alem\u00e1n tambi\u00e9n se vive desde Chile.<\/p>\n","protected":false},"excerpt":{"rendered":"<p>Deutschland Fu\u00dfball Nachrichten o DFN nace el 2 de agosto de 2024, con el prop\u00f3sito de acercar la pasi\u00f3n del f\u00fatbol alem\u00e1n a la audiencia chilena. Nacemos del inter\u00e9s genuino&hellip; <\/p>\n","protected":false},"author":1,"featured_media":0,"parent":0,"menu_order":0,"comment_status":"closed","ping_status":"closed","template":"","meta":{"footnotes":""},"class_list":["post-56","page","type-page","status-publish","hentry"],"yoast_head":"<!-- This site is optimized with the Yoast SEO plugin v27.6 - https:\/\/yoast.com\/product\/yoast-seo-wordpress\/ -->\n<title>Qui\u00e9nes Somos - DFN Chile<\/title>\n<meta name=\"description\" content=\"DFN es un medio independiente y autogestionado, con el prop\u00f3sito de acercar la pasi\u00f3n del f\u00fatbol alem\u00e1n a la audiencia chilena.\" \/>\n<meta name=\"robots\" content=\"index, follow, max-snippet:-1, max-image-preview:large, max-video-preview:-1\" \/>\n<link rel=\"canonical\" href=\"https:\/\/dfn.cl\/index.php\/quienes-somos\/\" \/>\n<meta property=\"og:locale\" content=\"es_ES\" \/>\n<meta property=\"og:type\" content=\"article\" \/>\n<meta property=\"og:title\" content=\"Qui\u00e9nes Somos - DFN Chile\" \/>\n<meta property=\"og:description\" content=\"DFN es un medio independiente y autogestionado, con el prop\u00f3sito de acercar la pasi\u00f3n del f\u00fatbol alem\u00e1n a la audiencia chilena.\" \/>\n<meta property=\"og:url\" content=\"https:\/\/dfn.cl\/index.php\/quienes-somos\/\" \/>\n<meta property=\"og:site_name\" content=\"DFN Chile\" \/>\n<meta property=\"article:modified_time\" content=\"2025-08-07T19:46:46+00:00\" \/>\n<meta name=\"twitter:card\" content=\"summary_large_image\" \/>\n<meta name=\"twitter:label1\" content=\"Tiempo de lectura\" \/>\n\t<meta name=\"twitter:data1\" content=\"1 minuto\" \/>\n<script type=\"application\/ld+json\" class=\"yoast-schema-graph\">{\"@context\":\"https:\\\/\\\/schema.org\",\"@graph\":[{\"@type\":\"WebPage\",\"@id\":\"https:\\\/\\\/dfn.cl\\\/index.php\\\/quienes-somos\\\/\",\"url\":\"https:\\\/\\\/dfn.cl\\\/index.php\\\/quienes-somos\\\/\",\"name\":\"Qui\u00e9nes Somos - DFN Chile\",\"isPartOf\":{\"@id\":\"https:\\\/\\\/dfn.cl\\\/#website\"},\"datePublished\":\"2025-08-07T19:37:34+00:00\",\"dateModified\":\"2025-08-07T19:46:46+00:00\",\"description\":\"DFN es un medio independiente y autogestionado, con el prop\u00f3sito de acercar la pasi\u00f3n del f\u00fatbol alem\u00e1n a la audiencia chilena.\",\"breadcrumb\":{\"@id\":\"https:\\\/\\\/dfn.cl\\\/index.php\\\/quienes-somos\\\/#breadcrumb\"},\"inLanguage\":\"es\",\"potentialAction\":[{\"@type\":\"ReadAction\",\"target\":[\"https:\\\/\\\/dfn.cl\\\/index.php\\\/quienes-somos\\\/\"]}]},{\"@type\":\"BreadcrumbList\",\"@id\":\"https:\\\/\\\/dfn.cl\\\/index.php\\\/quienes-somos\\\/#breadcrumb\",\"itemListElement\":[{\"@type\":\"ListItem\",\"position\":1,\"name\":\"Portada\",\"item\":\"https:\\\/\\\/dfn.cl\\\/\"},{\"@type\":\"ListItem\",\"position\":2,\"name\":\"Qui\u00e9nes Somos\"}]},{\"@type\":\"WebSite\",\"@id\":\"https:\\\/\\\/dfn.cl\\\/#website\",\"url\":\"https:\\\/\\\/dfn.cl\\\/\",\"name\":\"DFN Chile\",\"description\":\"\",\"publisher\":{\"@id\":\"https:\\\/\\\/dfn.cl\\\/#organization\"},\"potentialAction\":[{\"@type\":\"SearchAction\",\"target\":{\"@type\":\"EntryPoint\",\"urlTemplate\":\"https:\\\/\\\/dfn.cl\\\/?s={search_term_string}\"},\"query-input\":{\"@type\":\"PropertyValueSpecification\",\"valueRequired\":true,\"valueName\":\"search_term_string\"}}],\"inLanguage\":\"es\"},{\"@type\":\"Organization\",\"@id\":\"https:\\\/\\\/dfn.cl\\\/#organization\",\"name\":\"DFN Chile\",\"url\":\"https:\\\/\\\/dfn.cl\\\/\",\"logo\":{\"@type\":\"ImageObject\",\"inLanguage\":\"es\",\"@id\":\"https:\\\/\\\/dfn.cl\\\/#\\\/schema\\\/logo\\\/image\\\/\",\"url\":\"https:\\\/\\\/dfn.cl\\\/wp-content\\\/uploads\\\/2025\\\/08\\\/cropped-cropped-logo-betsi_Logotipo-full.png\",\"contentUrl\":\"https:\\\/\\\/dfn.cl\\\/wp-content\\\/uploads\\\/2025\\\/08\\\/cropped-cropped-logo-betsi_Logotipo-full.png\",\"width\":1176,\"height\":346,\"caption\":\"DFN Chile\"},\"image\":{\"@id\":\"https:\\\/\\\/dfn.cl\\\/#\\\/schema\\\/logo\\\/image\\\/\"}}]}<\/script>\n<!-- \/ Yoast SEO plugin. -->","yoast_head_json":{"title":"Qui\u00e9nes Somos - DFN Chile","description":"DFN es un medio independiente y autogestionado, con el prop\u00f3sito de acercar la pasi\u00f3n del f\u00fatbol alem\u00e1n a la audiencia chilena.","robots":{"index":"index","follow":"follow","max-snippet":"max-snippet:-1","max-image-preview":"max-image-preview:large","max-video-preview":"max-video-preview:-1"},"canonical":"https:\/\/dfn.cl\/index.php\/quienes-somos\/","og_locale":"es_ES","og_type":"article","og_title":"Qui\u00e9nes Somos - DFN Chile","og_description":"DFN es un medio independiente y autogestionado, con el prop\u00f3sito de acercar la pasi\u00f3n del f\u00fatbol alem\u00e1n a la audiencia chilena.","og_url":"https:\/\/dfn.cl\/index.php\/quienes-somos\/","og_site_name":"DFN Chile","article_modified_time":"2025-08-07T19:46:46+00:00","twitter_card":"summary_large_image","twitter_misc":{"Tiempo de lectura":"1 minuto"},"schema":{"@context":"https:\/\/schema.org","@graph":[{"@type":"WebPage","@id":"https:\/\/dfn.cl\/index.php\/quienes-somos\/","url":"https:\/\/dfn.cl\/index.php\/quienes-somos\/","name":"Qui\u00e9nes Somos - DFN Chile","isPartOf":{"@id":"https:\/\/dfn.cl\/#website"},"datePublished":"2025-08-07T19:37:34+00:00","dateModified":"2025-08-07T19:46:46+00:00","description":"DFN es un medio independiente y autogestionado, con el prop\u00f3sito de acercar la pasi\u00f3n del f\u00fatbol alem\u00e1n a la audiencia chilena.","breadcrumb":{"@id":"https:\/\/dfn.cl\/index.php\/quienes-somos\/#breadcrumb"},"inLanguage":"es","potentialAction":[{"@type":"ReadAction","target":["https:\/\/dfn.cl\/index.php\/quienes-somos\/"]}]},{"@type":"BreadcrumbList","@id":"https:\/\/dfn.cl\/index.php\/quienes-somos\/#breadcrumb","itemListElement":[{"@type":"ListItem","position":1,"name":"Portada","item":"https:\/\/dfn.cl\/"},{"@type":"ListItem","position":2,"name":"Qui\u00e9nes Somos"}]},{"@type":"WebSite","@id":"https:\/\/dfn.cl\/#website","url":"https:\/\/dfn.cl\/","name":"DFN Chile","description":"","publisher":{"@id":"https:\/\/dfn.cl\/#organization"},"potentialAction":[{"@type":"SearchAction","target":{"@type":"EntryPoint","urlTemplate":"https:\/\/dfn.cl\/?s={search_term_string}"},"query-input":{"@type":"PropertyValueSpecification","valueRequired":true,"valueName":"search_term_string"}}],"inLanguage":"es"},{"@type":"Organization","@id":"https:\/\/dfn.cl\/#organization","name":"DFN Chile","url":"https:\/\/dfn.cl\/","logo":{"@type":"ImageObject","inLanguage":"es","@id":"https:\/\/dfn.cl\/#\/schema\/logo\/image\/","url":"https:\/\/dfn.cl\/wp-content\/uploads\/2025\/08\/cropped-cropped-logo-betsi_Logotipo-full.png","contentUrl":"https:\/\/dfn.cl\/wp-content\/uploads\/2025\/08\/cropped-cropped-logo-betsi_Logotipo-full.png","width":1176,"height":346,"caption":"DFN Chile"},"image":{"@id":"https:\/\/dfn.cl\/#\/schema\/logo\/image\/"}}]}},"_links":{"self":[{"href":"https:\/\/dfn.cl\/index.php\/wp-json\/wp\/v2\/pages\/56","targetHints":{"allow":["GET"]}}],"collection":[{"href":"https:\/\/dfn.cl\/index.php\/wp-json\/wp\/v2\/pages"}],"about":[{"href":"https:\/\/dfn.cl\/index.php\/wp-json\/wp\/v2\/types\/page"}],"author":[{"embeddable":true,"href":"https:\/\/dfn.cl\/index.php\/wp-json\/wp\/v2\/users\/1"}],"replies":[{"embeddable":true,"href":"https:\/\/dfn.cl\/index.php\/wp-json\/wp\/v2\/comments?post=56"}],"version-history":[{"count":3,"href":"https:\/\/dfn.cl\/index.php\/wp-json\/wp\/v2\/pages\/56\/revisions"}],"predecessor-version":[{"id":62,"href":"https:\/\/dfn.cl\/index.php\/wp-json\/wp\/v2\/pages\/56\/revisions\/62"}],"wp:attachment":[{"href":"https:\/\/dfn.cl\/index.php\/wp-json\/wp\/v2\/media?parent=56"}],"curies":[{"name":"wp","href":"https:\/\/api.w.org\/{rel}","templated":true}]}}